{"id":5565,"date":"2024-07-17T08:44:27","date_gmt":"2024-07-17T08:44:27","guid":{"rendered":"https:\/\/criv.es\/osteopatia\/"},"modified":"2024-08-06T10:35:38","modified_gmt":"2024-08-06T10:35:38","slug":"osteopatia","status":"publish","type":"page","link":"https:\/\/criv.es\/es\/osteopatia\/","title":{"rendered":"Osteopat\u00eda"},"content":{"rendered":"[vc_row type=\u00bbfull_width_background\u00bb full_screen_row_position=\u00bbmiddle\u00bb column_margin=\u00bbdefault\u00bb column_direction=\u00bbdefault\u00bb column_direction_tablet=\u00bbdefault\u00bb column_direction_phone=\u00bbdefault\u00bb scene_position=\u00bbcenter\u00bb top_padding=\u00bb50&#8243; bottom_padding=\u00bb100&#8243; top_padding_tablet=\u00bb25&#8243; bottom_padding_tablet=\u00bb50&#8243; text_color=\u00bbdark\u00bb text_align=\u00bbleft\u00bb row_border_radius=\u00bbnone\u00bb row_border_radius_applies=\u00bbbg\u00bb overflow=\u00bbvisible\u00bb overlay_strength=\u00bb0.3&#8243; gradient_direction=\u00bbleft_to_right\u00bb shape_divider_position=\u00bbbottom\u00bb bg_image_animation=\u00bbnone\u00bb gradient_type=\u00bbdefault\u00bb shape_type=\u00bb\u00bb][vc_column column_padding=\u00bbno-extra-padding\u00bb column_padding_tablet=\u00bbinherit\u00bb column_padding_phone=\u00bbinherit\u00bb column_padding_position=\u00bball\u00bb column_element_direction_desktop=\u00bbdefault\u00bb column_element_spacing=\u00bbdefault\u00bb desktop_text_alignment=\u00bbdefault\u00bb tablet_text_alignment=\u00bbdefault\u00bb phone_text_alignment=\u00bbdefault\u00bb background_color_opacity=\u00bb1&#8243; background_hover_color_opacity=\u00bb1&#8243; column_backdrop_filter=\u00bbnone\u00bb column_shadow=\u00bbnone\u00bb column_border_radius=\u00bbnone\u00bb column_link_target=\u00bb_self\u00bb column_position=\u00bbdefault\u00bb gradient_direction=\u00bbleft_to_right\u00bb overlay_strength=\u00bb0.3&#8243; width=\u00bb1\/1&#8243; tablet_width_inherit=\u00bbdefault\u00bb animation_type=\u00bbdefault\u00bb bg_image_animation=\u00bbnone\u00bb border_type=\u00bbsimple\u00bb column_border_width=\u00bbnone\u00bb column_border_style=\u00bbsolid\u00bb][toggles style=\u00bbminimal\u00bb accordion=\u00bbtrue\u00bb accordion_starting_functionality=\u00bbdefault\u00bb][toggle color=\u00bbDefault\u00bb heading_tag=\u00bbh4&#8243; heading_tag_functionality=\u00bbdefault\u00bb title=\u00bbOsteopat\u00eda\u00bb][vc_column_text]\n<div class=\"col-lg-6 col-md-6 col-xs-12 col-sm-12\">\n<p>La osteopat\u00eda se centra en el tratamiento de los trastornos musculoesquel\u00e9ticos y otros problemas de salud a trav\u00e9s de t\u00e9cnicas manuales. Se basa en la premisa de que el cuerpo tiene la capacidad de sanar por s\u00ed mismo y que los sistemas del cuerpo est\u00e1n interrelacionados. Los oste\u00f3patas utilizan una combinaci\u00f3n de t\u00e9cnicas de manipulaci\u00f3n, estiramientos y movimientos suaves para restaurar el equilibrio y la salud en el cuerpo.<\/p>\n<p>Existen diferentes tipos de osteopat\u00eda, cada uno con enfoques y t\u00e9cnicas ligeramente distintas. Algunos de los tipos m\u00e1s comunes incluyen la osteopat\u00eda estructural, la osteopat\u00eda visceral y la osteopat\u00eda craneal. Estos enfoques se utilizan de acuerdo con las necesidades individuales del paciente y pueden combinarse para obtener los mejores resultados.<\/p>\n<\/div>\n[\/vc_column_text][\/toggle][toggle color=\u00bbDefault\u00bb heading_tag=\u00bbh4&#8243; heading_tag_functionality=\u00bbdefault\u00bb title=\u00bbOsteopat\u00eda pedi\u00e1trica\u00bb][vc_column_text]\n<div class=\"col-lg-6 col-md-6 col-xs-12 col-sm-12\">\n<p>La osteopat\u00eda es un m\u00e9todo terap\u00e9utico que se puede aplicar a personas de cualquier edad, adaptando siempre las t\u00e9cnicas a la situaci\u00f3n concreta de cada paciente: edad, fragilidad, enfermedad, etc.<\/p>\n<p>En el caso de los beb\u00e9s, el tratamiento puede comenzar desde el nacimiento. Las t\u00e9cnicas utilizadas son manuales y muy suaves; el oste\u00f3pata coloca sus manos en diferentes partes del cuerpo del beb\u00e9 para relajar las estructuras o tejidos que, seg\u00fan la exploraci\u00f3n previa, lo necesiten. El objetivo es mejorar el funcionamiento sist\u00e9mico del beb\u00e9. Por lo general, el sistema digestivo es el \u00faltimo en activarse en el reci\u00e9n nacido, por lo que el tratamiento puede abordar cuestiones relacionadas con la ingesta, la succi\u00f3n, la degluci\u00f3n, el reflujo y la evacuaci\u00f3n.<\/p>\n<p>Otras consultas comunes incluyen asimetr\u00edas o preferencias posturales, cuando el beb\u00e9 tiende a moverse m\u00e1s hacia un lado, lo que puede llevar a una exploraci\u00f3n desigual de ambos lados del cuerpo y, en algunos casos, a una deformaci\u00f3n del cr\u00e1neo conocida como plagiocefalia debido al apoyo asim\u00e9trico. A medida que el ni\u00f1o crece, se pueden tratar dificultades en el desarrollo psicomotor, as\u00ed como malas posturas de pies y piernas al comenzar a sentarse y caminar, hasta la etapa preadolescente, donde se presta especial atenci\u00f3n a la espalda y su correcta alineaci\u00f3n durante el crecimiento. En realidad, el oste\u00f3pata busca acompa\u00f1ar y optimizar las diferentes fases del desarrollo, abordando problemas y posibles dificultades que puedan surgir.<\/p>\n<\/div>\n[\/vc_column_text][\/toggle][\/toggles][\/vc_column][\/vc_row]\n","protected":false},"excerpt":{"rendered":"<p>[vc_row type=\u00bbfull_width_background\u00bb full_screen_row_position=\u00bbmiddle\u00bb column_margin=\u00bbdefault\u00bb column_direction=\u00bbdefault\u00bb column_direction_tablet=\u00bbdefault\u00bb column_direction_phone=\u00bbdefault\u00bb scene_position=\u00bbcenter\u00bb top_padding=\u00bb50&#8243; bottom_padding=\u00bb100&#8243; top_padding_tablet=\u00bb25&#8243; bottom_padding_tablet=\u00bb50&#8243; text_color=\u00bbdark\u00bb text_align=\u00bbleft\u00bb row_border_radius=\u00bbnone\u00bb row_border_radius_applies=\u00bbbg\u00bb overflow=\u00bbvisible\u00bb overlay_strength=\u00bb0.3&#8243; gradient_direction=\u00bbleft_to_right\u00bb shape_divider_position=\u00bbbottom\u00bb bg_image_animation=\u00bbnone\u00bb gradient_type=\u00bbdefault\u00bb shape_type=\u00bb\u00bb][vc_column column_padding=\u00bbno-extra-padding\u00bb column_padding_tablet=\u00bbinherit\u00bb column_padding_phone=\u00bbinherit\u00bb column_padding_position=\u00bball\u00bb column_element_direction_desktop=\u00bbdefault\u00bb column_element_spacing=\u00bbdefault\u00bb desktop_text_alignment=\u00bbdefault\u00bb&#8230;<\/p>\n","protected":false},"author":1,"featured_media":0,"parent":0,"menu_order":0,"comment_status":"closed","ping_status":"closed","template":"","meta":{"footnotes":""},"class_list":["post-5565","page","type-page","status-publish"],"yoast_head":"<!-- This site is optimized with the Yoast SEO plugin v26.2 - https:\/\/yoast.com\/wordpress\/plugins\/seo\/ -->\n<title>Osteopat\u00eda - Criv<\/title>\n<meta name=\"robots\" content=\"index, follow, max-snippet:-1, max-image-preview:large, max-video-preview:-1\" \/>\n<link rel=\"canonical\" href=\"https:\/\/criv.es\/es\/osteopatia\/\" \/>\n<meta property=\"og:locale\" content=\"es_ES\" \/>\n<meta property=\"og:type\" content=\"article\" \/>\n<meta property=\"og:title\" content=\"Osteopat\u00eda - Criv\" \/>\n<meta property=\"og:description\" content=\"[vc_row type=\u00bbfull_width_background\u00bb full_screen_row_position=\u00bbmiddle\u00bb column_margin=\u00bbdefault\u00bb column_direction=\u00bbdefault\u00bb column_direction_tablet=\u00bbdefault\u00bb column_direction_phone=\u00bbdefault\u00bb scene_position=\u00bbcenter\u00bb top_padding=\u00bb50&#8243; bottom_padding=\u00bb100&#8243; top_padding_tablet=\u00bb25&#8243; bottom_padding_tablet=\u00bb50&#8243; text_color=\u00bbdark\u00bb text_align=\u00bbleft\u00bb row_border_radius=\u00bbnone\u00bb row_border_radius_applies=\u00bbbg\u00bb overflow=\u00bbvisible\u00bb overlay_strength=\u00bb0.3&#8243; gradient_direction=\u00bbleft_to_right\u00bb shape_divider_position=\u00bbbottom\u00bb bg_image_animation=\u00bbnone\u00bb gradient_type=\u00bbdefault\u00bb shape_type=\u00bb\u00bb][vc_column column_padding=\u00bbno-extra-padding\u00bb column_padding_tablet=\u00bbinherit\u00bb column_padding_phone=\u00bbinherit\u00bb column_padding_position=\u00bball\u00bb column_element_direction_desktop=\u00bbdefault\u00bb column_element_spacing=\u00bbdefault\u00bb desktop_text_alignment=\u00bbdefault\u00bb...\" \/>\n<meta property=\"og:url\" content=\"https:\/\/criv.es\/es\/osteopatia\/\" \/>\n<meta property=\"og:site_name\" content=\"Criv\" \/>\n<meta property=\"article:modified_time\" content=\"2024-08-06T10:35:38+00:00\" \/>\n<meta name=\"twitter:card\" content=\"summary_large_image\" \/>\n<meta name=\"twitter:label1\" content=\"Tiempo de lectura\" \/>\n\t<meta name=\"twitter:data1\" content=\"2 minutos\" \/>\n<script type=\"application\/ld+json\" class=\"yoast-schema-graph\">{\"@context\":\"https:\/\/schema.org\",\"@graph\":[{\"@type\":\"WebPage\",\"@id\":\"https:\/\/criv.es\/es\/osteopatia\/\",\"url\":\"https:\/\/criv.es\/es\/osteopatia\/\",\"name\":\"Osteopat\u00eda - Criv\",\"isPartOf\":{\"@id\":\"https:\/\/criv.es\/#website\"},\"datePublished\":\"2024-07-17T08:44:27+00:00\",\"dateModified\":\"2024-08-06T10:35:38+00:00\",\"breadcrumb\":{\"@id\":\"https:\/\/criv.es\/es\/osteopatia\/#breadcrumb\"},\"inLanguage\":\"es\",\"potentialAction\":[{\"@type\":\"ReadAction\",\"target\":[\"https:\/\/criv.es\/es\/osteopatia\/\"]}]},{\"@type\":\"BreadcrumbList\",\"@id\":\"https:\/\/criv.es\/es\/osteopatia\/#breadcrumb\",\"itemListElement\":[{\"@type\":\"ListItem\",\"position\":1,\"name\":\"Portada\",\"item\":\"https:\/\/criv.es\/\"},{\"@type\":\"ListItem\",\"position\":2,\"name\":\"Osteopat\u00eda\"}]},{\"@type\":\"WebSite\",\"@id\":\"https:\/\/criv.es\/#website\",\"url\":\"https:\/\/criv.es\/\",\"name\":\"Criv\",\"description\":\"\",\"potentialAction\":[{\"@type\":\"SearchAction\",\"target\":{\"@type\":\"EntryPoint\",\"urlTemplate\":\"https:\/\/criv.es\/?s={search_term_string}\"},\"query-input\":{\"@type\":\"PropertyValueSpecification\",\"valueRequired\":true,\"valueName\":\"search_term_string\"}}],\"inLanguage\":\"es\"}]}<\/script>\n<!-- \/ Yoast SEO plugin. -->","yoast_head_json":{"title":"Osteopat\u00eda - Criv","robots":{"index":"index","follow":"follow","max-snippet":"max-snippet:-1","max-image-preview":"max-image-preview:large","max-video-preview":"max-video-preview:-1"},"canonical":"https:\/\/criv.es\/es\/osteopatia\/","og_locale":"es_ES","og_type":"article","og_title":"Osteopat\u00eda - Criv","og_description":"[vc_row type=\u00bbfull_width_background\u00bb full_screen_row_position=\u00bbmiddle\u00bb column_margin=\u00bbdefault\u00bb column_direction=\u00bbdefault\u00bb column_direction_tablet=\u00bbdefault\u00bb column_direction_phone=\u00bbdefault\u00bb scene_position=\u00bbcenter\u00bb top_padding=\u00bb50&#8243; bottom_padding=\u00bb100&#8243; top_padding_tablet=\u00bb25&#8243; bottom_padding_tablet=\u00bb50&#8243; text_color=\u00bbdark\u00bb text_align=\u00bbleft\u00bb row_border_radius=\u00bbnone\u00bb row_border_radius_applies=\u00bbbg\u00bb overflow=\u00bbvisible\u00bb overlay_strength=\u00bb0.3&#8243; gradient_direction=\u00bbleft_to_right\u00bb shape_divider_position=\u00bbbottom\u00bb bg_image_animation=\u00bbnone\u00bb gradient_type=\u00bbdefault\u00bb shape_type=\u00bb\u00bb][vc_column column_padding=\u00bbno-extra-padding\u00bb column_padding_tablet=\u00bbinherit\u00bb column_padding_phone=\u00bbinherit\u00bb column_padding_position=\u00bball\u00bb column_element_direction_desktop=\u00bbdefault\u00bb column_element_spacing=\u00bbdefault\u00bb desktop_text_alignment=\u00bbdefault\u00bb...","og_url":"https:\/\/criv.es\/es\/osteopatia\/","og_site_name":"Criv","article_modified_time":"2024-08-06T10:35:38+00:00","twitter_card":"summary_large_image","twitter_misc":{"Tiempo de lectura":"2 minutos"},"schema":{"@context":"https:\/\/schema.org","@graph":[{"@type":"WebPage","@id":"https:\/\/criv.es\/es\/osteopatia\/","url":"https:\/\/criv.es\/es\/osteopatia\/","name":"Osteopat\u00eda - Criv","isPartOf":{"@id":"https:\/\/criv.es\/#website"},"datePublished":"2024-07-17T08:44:27+00:00","dateModified":"2024-08-06T10:35:38+00:00","breadcrumb":{"@id":"https:\/\/criv.es\/es\/osteopatia\/#breadcrumb"},"inLanguage":"es","potentialAction":[{"@type":"ReadAction","target":["https:\/\/criv.es\/es\/osteopatia\/"]}]},{"@type":"BreadcrumbList","@id":"https:\/\/criv.es\/es\/osteopatia\/#breadcrumb","itemListElement":[{"@type":"ListItem","position":1,"name":"Portada","item":"https:\/\/criv.es\/"},{"@type":"ListItem","position":2,"name":"Osteopat\u00eda"}]},{"@type":"WebSite","@id":"https:\/\/criv.es\/#website","url":"https:\/\/criv.es\/","name":"Criv","description":"","potentialAction":[{"@type":"SearchAction","target":{"@type":"EntryPoint","urlTemplate":"https:\/\/criv.es\/?s={search_term_string}"},"query-input":{"@type":"PropertyValueSpecification","valueRequired":true,"valueName":"search_term_string"}}],"inLanguage":"es"}]}},"_links":{"self":[{"href":"https:\/\/criv.es\/es\/wp-json\/wp\/v2\/pages\/5565","targetHints":{"allow":["GET"]}}],"collection":[{"href":"https:\/\/criv.es\/es\/wp-json\/wp\/v2\/pages"}],"about":[{"href":"https:\/\/criv.es\/es\/wp-json\/wp\/v2\/types\/page"}],"author":[{"embeddable":true,"href":"https:\/\/criv.es\/es\/wp-json\/wp\/v2\/users\/1"}],"replies":[{"embeddable":true,"href":"https:\/\/criv.es\/es\/wp-json\/wp\/v2\/comments?post=5565"}],"version-history":[{"count":2,"href":"https:\/\/criv.es\/es\/wp-json\/wp\/v2\/pages\/5565\/revisions"}],"predecessor-version":[{"id":5589,"href":"https:\/\/criv.es\/es\/wp-json\/wp\/v2\/pages\/5565\/revisions\/5589"}],"wp:attachment":[{"href":"https:\/\/criv.es\/es\/wp-json\/wp\/v2\/media?parent=5565"}],"curies":[{"name":"wp","href":"https:\/\/api.w.org\/{rel}","templated":true}]}}