{"id":5566,"date":"2024-07-17T08:52:30","date_gmt":"2024-07-17T08:52:30","guid":{"rendered":"https:\/\/criv.es\/neuropsicologia-integrativa\/"},"modified":"2024-08-06T10:24:04","modified_gmt":"2024-08-06T10:24:04","slug":"neuropsicologia-integrativa","status":"publish","type":"page","link":"https:\/\/criv.es\/es\/neuropsicologia-integrativa\/","title":{"rendered":"Neuropsicolog\u00eda integrativa"},"content":{"rendered":"[vc_row type=\u00bbfull_width_background\u00bb full_screen_row_position=\u00bbmiddle\u00bb column_margin=\u00bbdefault\u00bb column_direction=\u00bbdefault\u00bb column_direction_tablet=\u00bbdefault\u00bb column_direction_phone=\u00bbdefault\u00bb scene_position=\u00bbcenter\u00bb top_padding=\u00bb50&#8243; bottom_padding=\u00bb100&#8243; top_padding_tablet=\u00bb25&#8243; bottom_padding_tablet=\u00bb50&#8243; text_color=\u00bbdark\u00bb text_align=\u00bbleft\u00bb row_border_radius=\u00bbnone\u00bb row_border_radius_applies=\u00bbbg\u00bb overflow=\u00bbvisible\u00bb overlay_strength=\u00bb0.3&#8243; gradient_direction=\u00bbleft_to_right\u00bb shape_divider_position=\u00bbbottom\u00bb bg_image_animation=\u00bbnone\u00bb gradient_type=\u00bbdefault\u00bb shape_type=\u00bb\u00bb][vc_column column_padding=\u00bbno-extra-padding\u00bb column_padding_tablet=\u00bbinherit\u00bb column_padding_phone=\u00bbinherit\u00bb column_padding_position=\u00bball\u00bb column_element_direction_desktop=\u00bbdefault\u00bb column_element_spacing=\u00bbdefault\u00bb desktop_text_alignment=\u00bbdefault\u00bb tablet_text_alignment=\u00bbdefault\u00bb phone_text_alignment=\u00bbdefault\u00bb background_color_opacity=\u00bb1&#8243; background_hover_color_opacity=\u00bb1&#8243; column_backdrop_filter=\u00bbnone\u00bb column_shadow=\u00bbnone\u00bb column_border_radius=\u00bbnone\u00bb column_link_target=\u00bb_self\u00bb column_position=\u00bbdefault\u00bb gradient_direction=\u00bbleft_to_right\u00bb overlay_strength=\u00bb0.3&#8243; width=\u00bb1\/1&#8243; tablet_width_inherit=\u00bbdefault\u00bb animation_type=\u00bbdefault\u00bb bg_image_animation=\u00bbnone\u00bb border_type=\u00bbsimple\u00bb column_border_width=\u00bbnone\u00bb column_border_style=\u00bbsolid\u00bb][toggles style=\u00bbminimal\u00bb accordion=\u00bbtrue\u00bb accordion_starting_functionality=\u00bbdefault\u00bb][toggle color=\u00bbDefault\u00bb heading_tag=\u00bbh4&#8243; heading_tag_functionality=\u00bbdefault\u00bb title=\u00bbNeuropsicolog\u00eda\u00bb][vc_column_text]La Neuropsicolog\u00eda Cl\u00ednica es una especialidad profesional de la Psicolog\u00eda que tiene como finalidad describir, diagnosticar y tratar las alteraciones cognitivas, conductuales y emocionales, como consecuencia de alguna afectaci\u00f3n funcional y\/o estructural del Sistema Nervioso Central.<\/p>\n<p>En t\u00e9rminos generales, los objetivos de la neuropsicolog\u00eda son los siguientes:[\/vc_column_text]<div class=\"nectar-fancy-ul\" data-list-icon=\"icon-salient-thin-line\" data-animation=\"false\" data-animation-delay=\"0\" data-color=\"accent-color\" data-spacing=\"default\" data-alignment=\"left\"> \n<ul class=\"list-group \">\n<li>Explicar los patrones cognitivos que se ven alterados y los que se mantienen preservados en las personas con da\u00f1o cerebral, es decir, <strong>determinar qu\u00e9 componentes del sistema cognitivo no est\u00e1n funcionando correctamente y proporcionar una explicaci\u00f3n<\/strong> de su patr\u00f3n de organizaci\u00f3n a partir de un modelo te\u00f3rico del funcionamiento normal del sistema.<\/li>\n<li><strong>Evaluaci\u00f3n de las funciones cognitivas<\/strong> (atenci\u00f3n y concentraci\u00f3n, funciones ejecutivas, memoria, lenguaje, percepci\u00f3n y praxis).<\/li>\n<li>Valoraci\u00f3n del <strong>deterioro cognitivo en personas mayores.<\/strong><\/li>\n<li>Estudio y valoraci\u00f3n cognitiva de patolog\u00edas cerebrales tanto en poblaci\u00f3n adulta como infantil (par\u00e1lisis cerebrales, traumatismos cr\u00e1neo-encef\u00e1licos, accidentes cerebrovasculares y demencia, entre otros).<\/li>\n<li><strong>Rehabilitaci\u00f3n y estimulaci\u00f3n cognitiva<\/strong>. La Rehabilitaci\u00f3n Cognitiva es un proceso activo y terap\u00e9utico que tiene como objetivo ayudar a la persona a adaptarse a su situaci\u00f3n despu\u00e9s del da\u00f1o cerebral, ofreciendo estrategias para compensar el d\u00e9ficit con la finalidad de lograr la m\u00e1xima autonom\u00eda e independencia y una calidad de vida lo m\u00e1s satisfactoria posible.<\/li>\n<li>Asesoramiento y apoyo al paciente, familiares y profesionales.<i class=\" glyphicon glyphicon-ok \"><\/i><\/li>\n<\/ul>\n <\/div>[\/toggle][\/toggles][\/vc_column][\/vc_row]\n","protected":false},"excerpt":{"rendered":"<p>[vc_row type=\u00bbfull_width_background\u00bb full_screen_row_position=\u00bbmiddle\u00bb column_margin=\u00bbdefault\u00bb column_direction=\u00bbdefault\u00bb column_direction_tablet=\u00bbdefault\u00bb column_direction_phone=\u00bbdefault\u00bb scene_position=\u00bbcenter\u00bb top_padding=\u00bb50&#8243; bottom_padding=\u00bb100&#8243; top_padding_tablet=\u00bb25&#8243; bottom_padding_tablet=\u00bb50&#8243; text_color=\u00bbdark\u00bb text_align=\u00bbleft\u00bb row_border_radius=\u00bbnone\u00bb row_border_radius_applies=\u00bbbg\u00bb overflow=\u00bbvisible\u00bb overlay_strength=\u00bb0.3&#8243; gradient_direction=\u00bbleft_to_right\u00bb shape_divider_position=\u00bbbottom\u00bb bg_image_animation=\u00bbnone\u00bb gradient_type=\u00bbdefault\u00bb shape_type=\u00bb\u00bb][vc_column column_padding=\u00bbno-extra-padding\u00bb column_padding_tablet=\u00bbinherit\u00bb column_padding_phone=\u00bbinherit\u00bb column_padding_position=\u00bball\u00bb column_element_direction_desktop=\u00bbdefault\u00bb column_element_spacing=\u00bbdefault\u00bb desktop_text_alignment=\u00bbdefault\u00bb&#8230;<\/p>\n","protected":false},"author":1,"featured_media":0,"parent":0,"menu_order":0,"comment_status":"closed","ping_status":"closed","template":"","meta":{"footnotes":""},"class_list":["post-5566","page","type-page","status-publish"],"yoast_head":"<!-- This site is optimized with the Yoast SEO plugin v26.2 - https:\/\/yoast.com\/wordpress\/plugins\/seo\/ -->\n<title>Neuropsicolog\u00eda integrativa - Criv<\/title>\n<meta name=\"robots\" content=\"index, follow, max-snippet:-1, max-image-preview:large, max-video-preview:-1\" \/>\n<link rel=\"canonical\" href=\"https:\/\/criv.es\/es\/neuropsicologia-integrativa\/\" \/>\n<meta property=\"og:locale\" content=\"es_ES\" \/>\n<meta property=\"og:type\" content=\"article\" \/>\n<meta property=\"og:title\" content=\"Neuropsicolog\u00eda integrativa - Criv\" \/>\n<meta property=\"og:description\" content=\"[vc_row type=\u00bbfull_width_background\u00bb full_screen_row_position=\u00bbmiddle\u00bb column_margin=\u00bbdefault\u00bb column_direction=\u00bbdefault\u00bb column_direction_tablet=\u00bbdefault\u00bb column_direction_phone=\u00bbdefault\u00bb scene_position=\u00bbcenter\u00bb top_padding=\u00bb50&#8243; bottom_padding=\u00bb100&#8243; top_padding_tablet=\u00bb25&#8243; bottom_padding_tablet=\u00bb50&#8243; text_color=\u00bbdark\u00bb text_align=\u00bbleft\u00bb row_border_radius=\u00bbnone\u00bb row_border_radius_applies=\u00bbbg\u00bb overflow=\u00bbvisible\u00bb overlay_strength=\u00bb0.3&#8243; gradient_direction=\u00bbleft_to_right\u00bb shape_divider_position=\u00bbbottom\u00bb bg_image_animation=\u00bbnone\u00bb gradient_type=\u00bbdefault\u00bb shape_type=\u00bb\u00bb][vc_column column_padding=\u00bbno-extra-padding\u00bb column_padding_tablet=\u00bbinherit\u00bb column_padding_phone=\u00bbinherit\u00bb column_padding_position=\u00bball\u00bb column_element_direction_desktop=\u00bbdefault\u00bb column_element_spacing=\u00bbdefault\u00bb desktop_text_alignment=\u00bbdefault\u00bb...\" \/>\n<meta property=\"og:url\" content=\"https:\/\/criv.es\/es\/neuropsicologia-integrativa\/\" \/>\n<meta property=\"og:site_name\" content=\"Criv\" \/>\n<meta property=\"article:modified_time\" content=\"2024-08-06T10:24:04+00:00\" \/>\n<meta name=\"twitter:card\" content=\"summary_large_image\" \/>\n<meta name=\"twitter:label1\" content=\"Tiempo de lectura\" \/>\n\t<meta name=\"twitter:data1\" content=\"2 minutos\" \/>\n<script type=\"application\/ld+json\" class=\"yoast-schema-graph\">{\"@context\":\"https:\/\/schema.org\",\"@graph\":[{\"@type\":\"WebPage\",\"@id\":\"https:\/\/criv.es\/es\/neuropsicologia-integrativa\/\",\"url\":\"https:\/\/criv.es\/es\/neuropsicologia-integrativa\/\",\"name\":\"Neuropsicolog\u00eda integrativa - Criv\",\"isPartOf\":{\"@id\":\"https:\/\/criv.es\/#website\"},\"datePublished\":\"2024-07-17T08:52:30+00:00\",\"dateModified\":\"2024-08-06T10:24:04+00:00\",\"breadcrumb\":{\"@id\":\"https:\/\/criv.es\/es\/neuropsicologia-integrativa\/#breadcrumb\"},\"inLanguage\":\"es\",\"potentialAction\":[{\"@type\":\"ReadAction\",\"target\":[\"https:\/\/criv.es\/es\/neuropsicologia-integrativa\/\"]}]},{\"@type\":\"BreadcrumbList\",\"@id\":\"https:\/\/criv.es\/es\/neuropsicologia-integrativa\/#breadcrumb\",\"itemListElement\":[{\"@type\":\"ListItem\",\"position\":1,\"name\":\"Portada\",\"item\":\"https:\/\/criv.es\/\"},{\"@type\":\"ListItem\",\"position\":2,\"name\":\"Neuropsicolog\u00eda integrativa\"}]},{\"@type\":\"WebSite\",\"@id\":\"https:\/\/criv.es\/#website\",\"url\":\"https:\/\/criv.es\/\",\"name\":\"Criv\",\"description\":\"\",\"potentialAction\":[{\"@type\":\"SearchAction\",\"target\":{\"@type\":\"EntryPoint\",\"urlTemplate\":\"https:\/\/criv.es\/?s={search_term_string}\"},\"query-input\":{\"@type\":\"PropertyValueSpecification\",\"valueRequired\":true,\"valueName\":\"search_term_string\"}}],\"inLanguage\":\"es\"}]}<\/script>\n<!-- \/ Yoast SEO plugin. -->","yoast_head_json":{"title":"Neuropsicolog\u00eda integrativa - Criv","robots":{"index":"index","follow":"follow","max-snippet":"max-snippet:-1","max-image-preview":"max-image-preview:large","max-video-preview":"max-video-preview:-1"},"canonical":"https:\/\/criv.es\/es\/neuropsicologia-integrativa\/","og_locale":"es_ES","og_type":"article","og_title":"Neuropsicolog\u00eda integrativa - Criv","og_description":"[vc_row type=\u00bbfull_width_background\u00bb full_screen_row_position=\u00bbmiddle\u00bb column_margin=\u00bbdefault\u00bb column_direction=\u00bbdefault\u00bb column_direction_tablet=\u00bbdefault\u00bb column_direction_phone=\u00bbdefault\u00bb scene_position=\u00bbcenter\u00bb top_padding=\u00bb50&#8243; bottom_padding=\u00bb100&#8243; top_padding_tablet=\u00bb25&#8243; bottom_padding_tablet=\u00bb50&#8243; text_color=\u00bbdark\u00bb text_align=\u00bbleft\u00bb row_border_radius=\u00bbnone\u00bb row_border_radius_applies=\u00bbbg\u00bb overflow=\u00bbvisible\u00bb overlay_strength=\u00bb0.3&#8243; gradient_direction=\u00bbleft_to_right\u00bb shape_divider_position=\u00bbbottom\u00bb bg_image_animation=\u00bbnone\u00bb gradient_type=\u00bbdefault\u00bb shape_type=\u00bb\u00bb][vc_column column_padding=\u00bbno-extra-padding\u00bb column_padding_tablet=\u00bbinherit\u00bb column_padding_phone=\u00bbinherit\u00bb column_padding_position=\u00bball\u00bb column_element_direction_desktop=\u00bbdefault\u00bb column_element_spacing=\u00bbdefault\u00bb desktop_text_alignment=\u00bbdefault\u00bb...","og_url":"https:\/\/criv.es\/es\/neuropsicologia-integrativa\/","og_site_name":"Criv","article_modified_time":"2024-08-06T10:24:04+00:00","twitter_card":"summary_large_image","twitter_misc":{"Tiempo de lectura":"2 minutos"},"schema":{"@context":"https:\/\/schema.org","@graph":[{"@type":"WebPage","@id":"https:\/\/criv.es\/es\/neuropsicologia-integrativa\/","url":"https:\/\/criv.es\/es\/neuropsicologia-integrativa\/","name":"Neuropsicolog\u00eda integrativa - Criv","isPartOf":{"@id":"https:\/\/criv.es\/#website"},"datePublished":"2024-07-17T08:52:30+00:00","dateModified":"2024-08-06T10:24:04+00:00","breadcrumb":{"@id":"https:\/\/criv.es\/es\/neuropsicologia-integrativa\/#breadcrumb"},"inLanguage":"es","potentialAction":[{"@type":"ReadAction","target":["https:\/\/criv.es\/es\/neuropsicologia-integrativa\/"]}]},{"@type":"BreadcrumbList","@id":"https:\/\/criv.es\/es\/neuropsicologia-integrativa\/#breadcrumb","itemListElement":[{"@type":"ListItem","position":1,"name":"Portada","item":"https:\/\/criv.es\/"},{"@type":"ListItem","position":2,"name":"Neuropsicolog\u00eda integrativa"}]},{"@type":"WebSite","@id":"https:\/\/criv.es\/#website","url":"https:\/\/criv.es\/","name":"Criv","description":"","potentialAction":[{"@type":"SearchAction","target":{"@type":"EntryPoint","urlTemplate":"https:\/\/criv.es\/?s={search_term_string}"},"query-input":{"@type":"PropertyValueSpecification","valueRequired":true,"valueName":"search_term_string"}}],"inLanguage":"es"}]}},"_links":{"self":[{"href":"https:\/\/criv.es\/es\/wp-json\/wp\/v2\/pages\/5566","targetHints":{"allow":["GET"]}}],"collection":[{"href":"https:\/\/criv.es\/es\/wp-json\/wp\/v2\/pages"}],"about":[{"href":"https:\/\/criv.es\/es\/wp-json\/wp\/v2\/types\/page"}],"author":[{"embeddable":true,"href":"https:\/\/criv.es\/es\/wp-json\/wp\/v2\/users\/1"}],"replies":[{"embeddable":true,"href":"https:\/\/criv.es\/es\/wp-json\/wp\/v2\/comments?post=5566"}],"version-history":[{"count":2,"href":"https:\/\/criv.es\/es\/wp-json\/wp\/v2\/pages\/5566\/revisions"}],"predecessor-version":[{"id":5581,"href":"https:\/\/criv.es\/es\/wp-json\/wp\/v2\/pages\/5566\/revisions\/5581"}],"wp:attachment":[{"href":"https:\/\/criv.es\/es\/wp-json\/wp\/v2\/media?parent=5566"}],"curies":[{"name":"wp","href":"https:\/\/api.w.org\/{rel}","templated":true}]}}