{"id":5568,"date":"2024-07-17T09:05:50","date_gmt":"2024-07-17T09:05:50","guid":{"rendered":"https:\/\/criv.es\/logopedia\/"},"modified":"2024-08-06T10:34:52","modified_gmt":"2024-08-06T10:34:52","slug":"logopedia","status":"publish","type":"page","link":"https:\/\/criv.es\/es\/logopedia\/","title":{"rendered":"Logopedia"},"content":{"rendered":"[vc_row type=\u00bbfull_width_background\u00bb full_screen_row_position=\u00bbmiddle\u00bb column_margin=\u00bbdefault\u00bb column_direction=\u00bbdefault\u00bb column_direction_tablet=\u00bbdefault\u00bb column_direction_phone=\u00bbdefault\u00bb scene_position=\u00bbcenter\u00bb top_padding=\u00bb50&#8243; bottom_padding=\u00bb100&#8243; top_padding_tablet=\u00bb25&#8243; bottom_padding_tablet=\u00bb50&#8243; text_color=\u00bbdark\u00bb text_align=\u00bbleft\u00bb row_border_radius=\u00bbnone\u00bb row_border_radius_applies=\u00bbbg\u00bb overflow=\u00bbvisible\u00bb overlay_strength=\u00bb0.3&#8243; gradient_direction=\u00bbleft_to_right\u00bb shape_divider_position=\u00bbbottom\u00bb bg_image_animation=\u00bbnone\u00bb gradient_type=\u00bbdefault\u00bb shape_type=\u00bb\u00bb][vc_column column_padding=\u00bbno-extra-padding\u00bb column_padding_tablet=\u00bbinherit\u00bb column_padding_phone=\u00bbinherit\u00bb column_padding_position=\u00bball\u00bb column_element_direction_desktop=\u00bbdefault\u00bb column_element_spacing=\u00bbdefault\u00bb desktop_text_alignment=\u00bbdefault\u00bb tablet_text_alignment=\u00bbdefault\u00bb phone_text_alignment=\u00bbdefault\u00bb background_color_opacity=\u00bb1&#8243; background_hover_color_opacity=\u00bb1&#8243; column_backdrop_filter=\u00bbnone\u00bb column_shadow=\u00bbnone\u00bb column_border_radius=\u00bbnone\u00bb column_link_target=\u00bb_self\u00bb column_position=\u00bbdefault\u00bb gradient_direction=\u00bbleft_to_right\u00bb overlay_strength=\u00bb0.3&#8243; width=\u00bb1\/1&#8243; tablet_width_inherit=\u00bbdefault\u00bb animation_type=\u00bbdefault\u00bb bg_image_animation=\u00bbnone\u00bb border_type=\u00bbsimple\u00bb column_border_width=\u00bbnone\u00bb column_border_style=\u00bbsolid\u00bb][toggles style=\u00bbminimal\u00bb accordion=\u00bbtrue\u00bb accordion_starting_functionality=\u00bbdefault\u00bb][toggle color=\u00bbDefault\u00bb heading_tag=\u00bbh4&#8243; heading_tag_functionality=\u00bbdefault\u00bb title=\u00bbLogopedia\u00bb][vc_column_text]<strong>El logopeda<\/strong> es el profesional sanitario encargado de prevenir, orientar, evaluar, educar, (re)habilitar y tratar las alteraciones de la comunicaci\u00f3n.<\/p>\n<p>Existen diversas razones por las que el lenguaje de una persona puede deteriorarse o perderse, como traumatismos cerebrales, trombosis o hemorragias cerebrales. Estas personas pueden experimentar problemas con el habla y la degluci\u00f3n. El objetivo del servicio de logopedia es valorar las capacidades del usuario y trabajar para restablecer la comunicaci\u00f3n con el entorno y\/o mejorar la autonom\u00eda comunicativa.<\/p>\n<p>En el CRIV, el servicio de logopedia trata las siguientes alteraciones:[\/vc_column_text]<div class=\"nectar-fancy-ul\" data-list-icon=\"icon-salient-thin-line\" data-animation=\"false\" data-animation-delay=\"0\" data-color=\"accent-color\" data-spacing=\"default\" data-alignment=\"left\"> \n<ul class=\"list-group \">\n<li><strong>Alteraciones de la habla<\/strong>: problemas en la pronunciaci\u00f3n de diferentes sonidos, tartamudeo, disartria, entre otros.<\/li>\n<li><strong>Alteraciones del lenguaje<\/strong>: afasia (p\u00e9rdida de la capacidad comunicativa tras un accidente cerebrovascular), problemas de lectoescritura, retraso o trastorno del lenguaje, alteraciones de la memoria que afectan al lenguaje, etc.<\/li>\n<li><strong>Alteraciones de la degluci\u00f3n<\/strong>: disfagia.<\/li>\n<li><strong>Alteraciones de la voz<\/strong>: disfon\u00eda (p\u00e9rdida de voz), n\u00f3dulos y\/o p\u00f3lipos en las cuerdas vocales, recuperaci\u00f3n de la voz tras una laringectom\u00eda, etc.<\/li>\n<li><strong>Trastornos miofuncionales<\/strong>: como complemento a tratamientos de ortodoncia, dificultad para tragar o atragantamientos tras un accidente cerebrovascular, hipotonia y\/o par\u00e1lisis facial despu\u00e9s de un ACV, reeducaci\u00f3n de la respiraci\u00f3n oral, etc.<\/li>\n<li><strong>Trastornos auditivos<\/strong>: rehabilitaci\u00f3n de implantes cocleares.<\/li>\n<li><strong>Otros<\/strong>: reeducaci\u00f3n de la respiraci\u00f3n oral, tratamiento conjunto con terapias de ortodoncia trabajando sobre la musculatura orofacial, rehabilitaci\u00f3n de SAOS (S\u00edndrome de Apnea Obstructiva del Sue\u00f1o), logopedia est\u00e9tica, par\u00e1lisis facial, entre otros.<\/li>\n<\/ul>\n <\/div>[\/toggle][toggle color=\u00bbDefault\u00bb heading_tag=\u00bbh4&#8243; heading_tag_functionality=\u00bbdefault\u00bb title=\u00bbLogopedia pedi\u00e1trica\u00bb][vc_column_text]A trav\u00e9s del servicio de logopedia del CRIV, nos ocupamos de la prevenci\u00f3n, detecci\u00f3n, evaluaci\u00f3n, diagn\u00f3stico y tratamiento de los trastornos relacionados con el lenguaje, el habla, la voz, y las funciones no orales de la musculatura orofacial (como la degluci\u00f3n y la respiraci\u00f3n) en la poblaci\u00f3n infantil, est\u00e9n o no relacionados estos trastornos con el da\u00f1o cerebral.<\/p>\n<p>Estos tratamientos incluyen los siguientes aspectos:[\/vc_column_text]<div class=\"nectar-fancy-ul\" data-list-icon=\"icon-salient-thin-line\" data-animation=\"false\" data-animation-delay=\"0\" data-color=\"accent-color\" data-spacing=\"default\" data-alignment=\"left\"> \n<ul class=\"list-group \">\n<li><strong>Habla<\/strong>: disfemias (tartamudez y taquifemia), dislalias (alteraciones en la producci\u00f3n de uno o varios sonidos), disglosias (dificultades en la pronunciaci\u00f3n de uno o m\u00e1s sonidos por causas estructurales).<\/li>\n<li><strong>Lenguaje oral<\/strong>: trastorno espec\u00edfico del lenguaje, retraso espec\u00edfico del lenguaje, o dificultades del lenguaje asociadas a trastornos generalizados del desarrollo, o asociadas a d\u00e9ficits sensoriales como sordera pre y postlocutiva, implantes cocleares, hipoacusias, etc.<\/li>\n<li><strong>Lectoescritura<\/strong>: dislexia, retraso lector, disgraf\u00eda, discalculia.<\/li>\n<li><strong>Voz<\/strong>: disfon\u00eda infantil, ya sea por causas funcionales u org\u00e1nicas.<\/li>\n<li><strong>Degluci\u00f3n<\/strong>: disfagia infantil, degluci\u00f3n at\u00edpica, masticaci\u00f3n ineficaz, trabajo conjunto con tratamientos ortod\u00f3nticos.<\/li>\n<li><strong>Respiraci\u00f3n<\/strong>: reeducaci\u00f3n de la respiraci\u00f3n oral y el s\u00edndrome del respirador oral, reeducaci\u00f3n del S\u00edndrome de Apnea Obstructiva del Sue\u00f1o (SAOS) y s\u00edndrome del ni\u00f1o roncador.<\/li>\n<\/ul>\n <\/div>[\/toggle][\/toggles][\/vc_column][\/vc_row]\n","protected":false},"excerpt":{"rendered":"<p>[vc_row type=\u00bbfull_width_background\u00bb full_screen_row_position=\u00bbmiddle\u00bb column_margin=\u00bbdefault\u00bb column_direction=\u00bbdefault\u00bb column_direction_tablet=\u00bbdefault\u00bb column_direction_phone=\u00bbdefault\u00bb scene_position=\u00bbcenter\u00bb top_padding=\u00bb50&#8243; bottom_padding=\u00bb100&#8243; top_padding_tablet=\u00bb25&#8243; bottom_padding_tablet=\u00bb50&#8243; text_color=\u00bbdark\u00bb text_align=\u00bbleft\u00bb row_border_radius=\u00bbnone\u00bb row_border_radius_applies=\u00bbbg\u00bb overflow=\u00bbvisible\u00bb overlay_strength=\u00bb0.3&#8243; gradient_direction=\u00bbleft_to_right\u00bb shape_divider_position=\u00bbbottom\u00bb bg_image_animation=\u00bbnone\u00bb gradient_type=\u00bbdefault\u00bb shape_type=\u00bb\u00bb][vc_column column_padding=\u00bbno-extra-padding\u00bb column_padding_tablet=\u00bbinherit\u00bb column_padding_phone=\u00bbinherit\u00bb column_padding_position=\u00bball\u00bb column_element_direction_desktop=\u00bbdefault\u00bb column_element_spacing=\u00bbdefault\u00bb desktop_text_alignment=\u00bbdefault\u00bb&#8230;<\/p>\n","protected":false},"author":1,"featured_media":0,"parent":0,"menu_order":0,"comment_status":"closed","ping_status":"closed","template":"","meta":{"footnotes":""},"class_list":["post-5568","page","type-page","status-publish"],"yoast_head":"<!-- This site is optimized with the Yoast SEO plugin v26.2 - https:\/\/yoast.com\/wordpress\/plugins\/seo\/ -->\n<title>Logopedia - Criv<\/title>\n<meta name=\"robots\" content=\"index, follow, max-snippet:-1, max-image-preview:large, max-video-preview:-1\" \/>\n<link rel=\"canonical\" href=\"https:\/\/criv.es\/es\/logopedia\/\" \/>\n<meta property=\"og:locale\" content=\"es_ES\" \/>\n<meta property=\"og:type\" content=\"article\" \/>\n<meta property=\"og:title\" content=\"Logopedia - Criv\" \/>\n<meta property=\"og:description\" content=\"[vc_row type=\u00bbfull_width_background\u00bb full_screen_row_position=\u00bbmiddle\u00bb column_margin=\u00bbdefault\u00bb column_direction=\u00bbdefault\u00bb column_direction_tablet=\u00bbdefault\u00bb column_direction_phone=\u00bbdefault\u00bb scene_position=\u00bbcenter\u00bb top_padding=\u00bb50&#8243; bottom_padding=\u00bb100&#8243; top_padding_tablet=\u00bb25&#8243; bottom_padding_tablet=\u00bb50&#8243; text_color=\u00bbdark\u00bb text_align=\u00bbleft\u00bb row_border_radius=\u00bbnone\u00bb row_border_radius_applies=\u00bbbg\u00bb overflow=\u00bbvisible\u00bb overlay_strength=\u00bb0.3&#8243; gradient_direction=\u00bbleft_to_right\u00bb shape_divider_position=\u00bbbottom\u00bb bg_image_animation=\u00bbnone\u00bb gradient_type=\u00bbdefault\u00bb shape_type=\u00bb\u00bb][vc_column column_padding=\u00bbno-extra-padding\u00bb column_padding_tablet=\u00bbinherit\u00bb column_padding_phone=\u00bbinherit\u00bb column_padding_position=\u00bball\u00bb column_element_direction_desktop=\u00bbdefault\u00bb column_element_spacing=\u00bbdefault\u00bb desktop_text_alignment=\u00bbdefault\u00bb...\" \/>\n<meta property=\"og:url\" content=\"https:\/\/criv.es\/es\/logopedia\/\" \/>\n<meta property=\"og:site_name\" content=\"Criv\" \/>\n<meta property=\"article:modified_time\" content=\"2024-08-06T10:34:52+00:00\" \/>\n<meta name=\"twitter:card\" content=\"summary_large_image\" \/>\n<meta name=\"twitter:label1\" content=\"Tiempo de lectura\" \/>\n\t<meta name=\"twitter:data1\" content=\"3 minutos\" \/>\n<script type=\"application\/ld+json\" class=\"yoast-schema-graph\">{\"@context\":\"https:\/\/schema.org\",\"@graph\":[{\"@type\":\"WebPage\",\"@id\":\"https:\/\/criv.es\/es\/logopedia\/\",\"url\":\"https:\/\/criv.es\/es\/logopedia\/\",\"name\":\"Logopedia - Criv\",\"isPartOf\":{\"@id\":\"https:\/\/criv.es\/#website\"},\"datePublished\":\"2024-07-17T09:05:50+00:00\",\"dateModified\":\"2024-08-06T10:34:52+00:00\",\"breadcrumb\":{\"@id\":\"https:\/\/criv.es\/es\/logopedia\/#breadcrumb\"},\"inLanguage\":\"es\",\"potentialAction\":[{\"@type\":\"ReadAction\",\"target\":[\"https:\/\/criv.es\/es\/logopedia\/\"]}]},{\"@type\":\"BreadcrumbList\",\"@id\":\"https:\/\/criv.es\/es\/logopedia\/#breadcrumb\",\"itemListElement\":[{\"@type\":\"ListItem\",\"position\":1,\"name\":\"Portada\",\"item\":\"https:\/\/criv.es\/\"},{\"@type\":\"ListItem\",\"position\":2,\"name\":\"Logopedia\"}]},{\"@type\":\"WebSite\",\"@id\":\"https:\/\/criv.es\/#website\",\"url\":\"https:\/\/criv.es\/\",\"name\":\"Criv\",\"description\":\"\",\"potentialAction\":[{\"@type\":\"SearchAction\",\"target\":{\"@type\":\"EntryPoint\",\"urlTemplate\":\"https:\/\/criv.es\/?s={search_term_string}\"},\"query-input\":{\"@type\":\"PropertyValueSpecification\",\"valueRequired\":true,\"valueName\":\"search_term_string\"}}],\"inLanguage\":\"es\"}]}<\/script>\n<!-- \/ Yoast SEO plugin. -->","yoast_head_json":{"title":"Logopedia - Criv","robots":{"index":"index","follow":"follow","max-snippet":"max-snippet:-1","max-image-preview":"max-image-preview:large","max-video-preview":"max-video-preview:-1"},"canonical":"https:\/\/criv.es\/es\/logopedia\/","og_locale":"es_ES","og_type":"article","og_title":"Logopedia - Criv","og_description":"[vc_row type=\u00bbfull_width_background\u00bb full_screen_row_position=\u00bbmiddle\u00bb column_margin=\u00bbdefault\u00bb column_direction=\u00bbdefault\u00bb column_direction_tablet=\u00bbdefault\u00bb column_direction_phone=\u00bbdefault\u00bb scene_position=\u00bbcenter\u00bb top_padding=\u00bb50&#8243; bottom_padding=\u00bb100&#8243; top_padding_tablet=\u00bb25&#8243; bottom_padding_tablet=\u00bb50&#8243; text_color=\u00bbdark\u00bb text_align=\u00bbleft\u00bb row_border_radius=\u00bbnone\u00bb row_border_radius_applies=\u00bbbg\u00bb overflow=\u00bbvisible\u00bb overlay_strength=\u00bb0.3&#8243; gradient_direction=\u00bbleft_to_right\u00bb shape_divider_position=\u00bbbottom\u00bb bg_image_animation=\u00bbnone\u00bb gradient_type=\u00bbdefault\u00bb shape_type=\u00bb\u00bb][vc_column column_padding=\u00bbno-extra-padding\u00bb column_padding_tablet=\u00bbinherit\u00bb column_padding_phone=\u00bbinherit\u00bb column_padding_position=\u00bball\u00bb column_element_direction_desktop=\u00bbdefault\u00bb column_element_spacing=\u00bbdefault\u00bb desktop_text_alignment=\u00bbdefault\u00bb...","og_url":"https:\/\/criv.es\/es\/logopedia\/","og_site_name":"Criv","article_modified_time":"2024-08-06T10:34:52+00:00","twitter_card":"summary_large_image","twitter_misc":{"Tiempo de lectura":"3 minutos"},"schema":{"@context":"https:\/\/schema.org","@graph":[{"@type":"WebPage","@id":"https:\/\/criv.es\/es\/logopedia\/","url":"https:\/\/criv.es\/es\/logopedia\/","name":"Logopedia - Criv","isPartOf":{"@id":"https:\/\/criv.es\/#website"},"datePublished":"2024-07-17T09:05:50+00:00","dateModified":"2024-08-06T10:34:52+00:00","breadcrumb":{"@id":"https:\/\/criv.es\/es\/logopedia\/#breadcrumb"},"inLanguage":"es","potentialAction":[{"@type":"ReadAction","target":["https:\/\/criv.es\/es\/logopedia\/"]}]},{"@type":"BreadcrumbList","@id":"https:\/\/criv.es\/es\/logopedia\/#breadcrumb","itemListElement":[{"@type":"ListItem","position":1,"name":"Portada","item":"https:\/\/criv.es\/"},{"@type":"ListItem","position":2,"name":"Logopedia"}]},{"@type":"WebSite","@id":"https:\/\/criv.es\/#website","url":"https:\/\/criv.es\/","name":"Criv","description":"","potentialAction":[{"@type":"SearchAction","target":{"@type":"EntryPoint","urlTemplate":"https:\/\/criv.es\/?s={search_term_string}"},"query-input":{"@type":"PropertyValueSpecification","valueRequired":true,"valueName":"search_term_string"}}],"inLanguage":"es"}]}},"_links":{"self":[{"href":"https:\/\/criv.es\/es\/wp-json\/wp\/v2\/pages\/5568","targetHints":{"allow":["GET"]}}],"collection":[{"href":"https:\/\/criv.es\/es\/wp-json\/wp\/v2\/pages"}],"about":[{"href":"https:\/\/criv.es\/es\/wp-json\/wp\/v2\/types\/page"}],"author":[{"embeddable":true,"href":"https:\/\/criv.es\/es\/wp-json\/wp\/v2\/users\/1"}],"replies":[{"embeddable":true,"href":"https:\/\/criv.es\/es\/wp-json\/wp\/v2\/comments?post=5568"}],"version-history":[{"count":2,"href":"https:\/\/criv.es\/es\/wp-json\/wp\/v2\/pages\/5568\/revisions"}],"predecessor-version":[{"id":5587,"href":"https:\/\/criv.es\/es\/wp-json\/wp\/v2\/pages\/5568\/revisions\/5587"}],"wp:attachment":[{"href":"https:\/\/criv.es\/es\/wp-json\/wp\/v2\/media?parent=5568"}],"curies":[{"name":"wp","href":"https:\/\/api.w.org\/{rel}","templated":true}]}}