{"id":5569,"date":"2024-07-17T09:10:54","date_gmt":"2024-07-17T09:10:54","guid":{"rendered":"https:\/\/criv.es\/terapia-ocupacional\/"},"modified":"2024-08-06T10:34:38","modified_gmt":"2024-08-06T10:34:38","slug":"terapia-ocupacional","status":"publish","type":"page","link":"https:\/\/criv.es\/es\/terapia-ocupacional\/","title":{"rendered":"Terapia Ocupacional"},"content":{"rendered":"[vc_row type=\u00bbfull_width_background\u00bb full_screen_row_position=\u00bbmiddle\u00bb column_margin=\u00bbdefault\u00bb column_direction=\u00bbdefault\u00bb column_direction_tablet=\u00bbdefault\u00bb column_direction_phone=\u00bbdefault\u00bb scene_position=\u00bbcenter\u00bb top_padding=\u00bb50&#8243; bottom_padding=\u00bb100&#8243; top_padding_tablet=\u00bb25&#8243; bottom_padding_tablet=\u00bb50&#8243; text_color=\u00bbdark\u00bb text_align=\u00bbleft\u00bb row_border_radius=\u00bbnone\u00bb row_border_radius_applies=\u00bbbg\u00bb overflow=\u00bbvisible\u00bb overlay_strength=\u00bb0.3&#8243; gradient_direction=\u00bbleft_to_right\u00bb shape_divider_position=\u00bbbottom\u00bb bg_image_animation=\u00bbnone\u00bb gradient_type=\u00bbdefault\u00bb shape_type=\u00bb\u00bb][vc_column column_padding=\u00bbno-extra-padding\u00bb column_padding_tablet=\u00bbinherit\u00bb column_padding_phone=\u00bbinherit\u00bb column_padding_position=\u00bball\u00bb column_element_direction_desktop=\u00bbdefault\u00bb column_element_spacing=\u00bbdefault\u00bb desktop_text_alignment=\u00bbdefault\u00bb tablet_text_alignment=\u00bbdefault\u00bb phone_text_alignment=\u00bbdefault\u00bb background_color_opacity=\u00bb1&#8243; background_hover_color_opacity=\u00bb1&#8243; column_backdrop_filter=\u00bbnone\u00bb column_shadow=\u00bbnone\u00bb column_border_radius=\u00bbnone\u00bb column_link_target=\u00bb_self\u00bb column_position=\u00bbdefault\u00bb gradient_direction=\u00bbleft_to_right\u00bb overlay_strength=\u00bb0.3&#8243; width=\u00bb1\/1&#8243; tablet_width_inherit=\u00bbdefault\u00bb animation_type=\u00bbdefault\u00bb bg_image_animation=\u00bbnone\u00bb border_type=\u00bbsimple\u00bb column_border_width=\u00bbnone\u00bb column_border_style=\u00bbsolid\u00bb][toggles style=\u00bbminimal\u00bb accordion=\u00bbtrue\u00bb accordion_starting_functionality=\u00bbdefault\u00bb][toggle color=\u00bbDefault\u00bb heading_tag=\u00bbh4&#8243; heading_tag_functionality=\u00bbdefault\u00bb title=\u00bbTerapia Ocupacional\u00bb][vc_column_text]La Terapia Ocupacional es la utilizaci\u00f3n terap\u00e9utica de las actividades de la vida diaria, productivas y de ocio en personas que se encuentran limitadas (ya sea por un trauma f\u00edsico, ps\u00edquico, enfermedad, disfunci\u00f3n psicosocial, incapacidad en el desarrollo y el aprendizaje, etc.), con el objetivo de maximizar la independencia, prevenir la discapacidad, mejorar el desarrollo y mantener la salud. Esto incluye la adaptaci\u00f3n de tareas (o actividades) y\/o la intervenci\u00f3n con el entorno para lograr la m\u00e1xima independencia y mejorar la calidad de vida.<\/p>\n<p><em>(Definici\u00f3n de la AOTA: Asociaci\u00f3n Americana de Terapeutas Ocupacionales).<\/em><\/p>\n<p>\u00bfA qui\u00e9n va dirigida la Terapia Ocupacional?[\/vc_column_text]<div class=\"nectar-fancy-ul\" data-list-icon=\"icon-salient-thin-line\" data-animation=\"false\" data-animation-delay=\"0\" data-color=\"accent-color\" data-spacing=\"default\" data-alignment=\"left\"> \n<ul>\n<li>A personas que tengan dificultades en las actividades de vida diaria (AVD): vestirse, ducharse, alimentarse, etc.<\/li>\n<li>A personas que les cueste organizar las actividades que realizan: como planificar y ejecutar la tarea de cocinar, etc.<\/li>\n<li>A personas que necesiten adaptaciones t\u00e9cnicas para facilitar la vida diaria.<\/li>\n<li>En general, a todas aquellas personas que necesiten restaurar y\/o reforzar una capacidad funcional deteriorada.<\/li>\n<\/ul>\n<p>La Terapia Ocupacional facilita el aprendizaje de habilidades y funciones esenciales para la adaptaci\u00f3n al entorno (f\u00edsico, familiar, social, laboral, etc.).<\/p>\n <\/div>[\/toggle][toggle color=\u00bbDefault\u00bb heading_tag=\u00bbh4&#8243; heading_tag_functionality=\u00bbdefault\u00bb title=\u00bbTerapia Ocupacional Pedi\u00e1trica: Integraci\u00f3n Sensorial\u00bb][vc_column_text]En pediatr\u00eda, la Terapia Ocupacional se basa en valorar y ayudar al ni\u00f1o\/a a adquirir las habilidades necesarias para llevar a cabo las ocupaciones pertinentes a su edad, como el juego, el aprendizaje, la vida social y la autonom\u00eda personal. Uno de los modelos a seguir en la Terapia Ocupacional Pedi\u00e1trica es la Integraci\u00f3n Sensorial, que podemos definir como la capacidad del sistema nervioso central (SNC) para interpretar y organizar la informaci\u00f3n recibida a trav\u00e9s de los diversos \u00f3rganos sensoriales del cuerpo. Esta informaci\u00f3n, recibida por el cerebro, se analiza y utiliza para permitirnos interactuar con nuestro entorno y responder de manera adecuada.<\/p>\n<p>Constantemente recibimos est\u00edmulos de nuestro entorno, y debemos aprender a interpretarlos correctamente, integr\u00e1ndolos a nivel neurol\u00f3gico para alcanzar un nivel \u00f3ptimo de desarrollo.<\/p>\n<p>La Integraci\u00f3n Sensorial tiene como objetivo lograr el m\u00e1ximo de respuestas adaptadas por parte del ni\u00f1o, es decir, acciones apropiadas en las que el ni\u00f1o responde de manera adecuada a una demanda del entorno. Trabaja a trav\u00e9s del juego y la motivaci\u00f3n intr\u00ednseca del ni\u00f1o, fomentando la participaci\u00f3n activa y la colaboraci\u00f3n.<\/p>\n<p>Indicadores de una disfunci\u00f3n sensorial:[\/vc_column_text]<div class=\"nectar-fancy-ul\" data-list-icon=\"icon-salient-thin-line\" data-animation=\"false\" data-animation-delay=\"0\" data-color=\"accent-color\" data-spacing=\"default\" data-alignment=\"left\"> \n<ul class=\"list-group \">\n<li>No para de moverse, le cuesta estar quieto.<\/li>\n<li>Es muy descoordinado, se tropieza con facilidad.<\/li>\n<li>Le cuesta concentrarse, se distrae f\u00e1cilmente.<\/li>\n<li>Presenta dificultades de aprendizaje.<\/li>\n<li>Se muestra impulsivo, tiene reacciones desmesuradas, no controla su fuerza.<\/li>\n<li>Tiene un tono muscular bajo, se cansa f\u00e1cilmente, falta de actividad.<\/li>\n<li>Es desobediente, le cuesta aceptar las normas y siempre busca los l\u00edmites.<\/li>\n<li>Presenta dificultades con las actividades secuenciadas y las motoras bilaterales.<\/li>\n<li>Tiene una reacci\u00f3n exagerada o reducida a los diferentes est\u00edmulos de su entorno.<\/li>\n<li>Se muestra excesivamente t\u00edmido, le cuesta relacionarse con los dem\u00e1s.<\/li>\n<li>Tiene dificultades en la comprensi\u00f3n y expresi\u00f3n verbal.<i class=\" glyphicon glyphicon-ok \"><\/i><\/li>\n<\/ul>\n <\/div>[\/toggle][\/toggles][\/vc_column][\/vc_row]\n","protected":false},"excerpt":{"rendered":"<p>[vc_row type=\u00bbfull_width_background\u00bb full_screen_row_position=\u00bbmiddle\u00bb column_margin=\u00bbdefault\u00bb column_direction=\u00bbdefault\u00bb column_direction_tablet=\u00bbdefault\u00bb column_direction_phone=\u00bbdefault\u00bb scene_position=\u00bbcenter\u00bb top_padding=\u00bb50&#8243; bottom_padding=\u00bb100&#8243; top_padding_tablet=\u00bb25&#8243; bottom_padding_tablet=\u00bb50&#8243; text_color=\u00bbdark\u00bb text_align=\u00bbleft\u00bb row_border_radius=\u00bbnone\u00bb row_border_radius_applies=\u00bbbg\u00bb overflow=\u00bbvisible\u00bb overlay_strength=\u00bb0.3&#8243; gradient_direction=\u00bbleft_to_right\u00bb shape_divider_position=\u00bbbottom\u00bb bg_image_animation=\u00bbnone\u00bb gradient_type=\u00bbdefault\u00bb shape_type=\u00bb\u00bb][vc_column column_padding=\u00bbno-extra-padding\u00bb column_padding_tablet=\u00bbinherit\u00bb column_padding_phone=\u00bbinherit\u00bb column_padding_position=\u00bball\u00bb column_element_direction_desktop=\u00bbdefault\u00bb column_element_spacing=\u00bbdefault\u00bb desktop_text_alignment=\u00bbdefault\u00bb&#8230;<\/p>\n","protected":false},"author":1,"featured_media":0,"parent":0,"menu_order":0,"comment_status":"closed","ping_status":"closed","template":"","meta":{"footnotes":""},"class_list":["post-5569","page","type-page","status-publish"],"yoast_head":"<!-- This site is optimized with the Yoast SEO plugin v26.2 - https:\/\/yoast.com\/wordpress\/plugins\/seo\/ -->\n<title>Terapia Ocupacional - Criv<\/title>\n<meta name=\"robots\" content=\"index, follow, max-snippet:-1, max-image-preview:large, max-video-preview:-1\" \/>\n<link rel=\"canonical\" href=\"https:\/\/criv.es\/es\/terapia-ocupacional\/\" \/>\n<meta property=\"og:locale\" content=\"es_ES\" \/>\n<meta property=\"og:type\" content=\"article\" \/>\n<meta property=\"og:title\" content=\"Terapia Ocupacional - Criv\" \/>\n<meta property=\"og:description\" content=\"[vc_row type=\u00bbfull_width_background\u00bb full_screen_row_position=\u00bbmiddle\u00bb column_margin=\u00bbdefault\u00bb column_direction=\u00bbdefault\u00bb column_direction_tablet=\u00bbdefault\u00bb column_direction_phone=\u00bbdefault\u00bb scene_position=\u00bbcenter\u00bb top_padding=\u00bb50&#8243; bottom_padding=\u00bb100&#8243; top_padding_tablet=\u00bb25&#8243; bottom_padding_tablet=\u00bb50&#8243; text_color=\u00bbdark\u00bb text_align=\u00bbleft\u00bb row_border_radius=\u00bbnone\u00bb row_border_radius_applies=\u00bbbg\u00bb overflow=\u00bbvisible\u00bb overlay_strength=\u00bb0.3&#8243; gradient_direction=\u00bbleft_to_right\u00bb shape_divider_position=\u00bbbottom\u00bb bg_image_animation=\u00bbnone\u00bb gradient_type=\u00bbdefault\u00bb shape_type=\u00bb\u00bb][vc_column column_padding=\u00bbno-extra-padding\u00bb column_padding_tablet=\u00bbinherit\u00bb column_padding_phone=\u00bbinherit\u00bb column_padding_position=\u00bball\u00bb column_element_direction_desktop=\u00bbdefault\u00bb column_element_spacing=\u00bbdefault\u00bb desktop_text_alignment=\u00bbdefault\u00bb...\" \/>\n<meta property=\"og:url\" content=\"https:\/\/criv.es\/es\/terapia-ocupacional\/\" \/>\n<meta property=\"og:site_name\" content=\"Criv\" \/>\n<meta property=\"article:modified_time\" content=\"2024-08-06T10:34:38+00:00\" \/>\n<meta name=\"twitter:card\" content=\"summary_large_image\" \/>\n<meta name=\"twitter:label1\" content=\"Tiempo de lectura\" \/>\n\t<meta name=\"twitter:data1\" content=\"3 minutos\" \/>\n<script type=\"application\/ld+json\" class=\"yoast-schema-graph\">{\"@context\":\"https:\/\/schema.org\",\"@graph\":[{\"@type\":\"WebPage\",\"@id\":\"https:\/\/criv.es\/es\/terapia-ocupacional\/\",\"url\":\"https:\/\/criv.es\/es\/terapia-ocupacional\/\",\"name\":\"Terapia Ocupacional - Criv\",\"isPartOf\":{\"@id\":\"https:\/\/criv.es\/#website\"},\"datePublished\":\"2024-07-17T09:10:54+00:00\",\"dateModified\":\"2024-08-06T10:34:38+00:00\",\"breadcrumb\":{\"@id\":\"https:\/\/criv.es\/es\/terapia-ocupacional\/#breadcrumb\"},\"inLanguage\":\"es\",\"potentialAction\":[{\"@type\":\"ReadAction\",\"target\":[\"https:\/\/criv.es\/es\/terapia-ocupacional\/\"]}]},{\"@type\":\"BreadcrumbList\",\"@id\":\"https:\/\/criv.es\/es\/terapia-ocupacional\/#breadcrumb\",\"itemListElement\":[{\"@type\":\"ListItem\",\"position\":1,\"name\":\"Portada\",\"item\":\"https:\/\/criv.es\/\"},{\"@type\":\"ListItem\",\"position\":2,\"name\":\"Terapia Ocupacional\"}]},{\"@type\":\"WebSite\",\"@id\":\"https:\/\/criv.es\/#website\",\"url\":\"https:\/\/criv.es\/\",\"name\":\"Criv\",\"description\":\"\",\"potentialAction\":[{\"@type\":\"SearchAction\",\"target\":{\"@type\":\"EntryPoint\",\"urlTemplate\":\"https:\/\/criv.es\/?s={search_term_string}\"},\"query-input\":{\"@type\":\"PropertyValueSpecification\",\"valueRequired\":true,\"valueName\":\"search_term_string\"}}],\"inLanguage\":\"es\"}]}<\/script>\n<!-- \/ Yoast SEO plugin. -->","yoast_head_json":{"title":"Terapia Ocupacional - Criv","robots":{"index":"index","follow":"follow","max-snippet":"max-snippet:-1","max-image-preview":"max-image-preview:large","max-video-preview":"max-video-preview:-1"},"canonical":"https:\/\/criv.es\/es\/terapia-ocupacional\/","og_locale":"es_ES","og_type":"article","og_title":"Terapia Ocupacional - Criv","og_description":"[vc_row type=\u00bbfull_width_background\u00bb full_screen_row_position=\u00bbmiddle\u00bb column_margin=\u00bbdefault\u00bb column_direction=\u00bbdefault\u00bb column_direction_tablet=\u00bbdefault\u00bb column_direction_phone=\u00bbdefault\u00bb scene_position=\u00bbcenter\u00bb top_padding=\u00bb50&#8243; bottom_padding=\u00bb100&#8243; top_padding_tablet=\u00bb25&#8243; bottom_padding_tablet=\u00bb50&#8243; text_color=\u00bbdark\u00bb text_align=\u00bbleft\u00bb row_border_radius=\u00bbnone\u00bb row_border_radius_applies=\u00bbbg\u00bb overflow=\u00bbvisible\u00bb overlay_strength=\u00bb0.3&#8243; gradient_direction=\u00bbleft_to_right\u00bb shape_divider_position=\u00bbbottom\u00bb bg_image_animation=\u00bbnone\u00bb gradient_type=\u00bbdefault\u00bb shape_type=\u00bb\u00bb][vc_column column_padding=\u00bbno-extra-padding\u00bb column_padding_tablet=\u00bbinherit\u00bb column_padding_phone=\u00bbinherit\u00bb column_padding_position=\u00bball\u00bb column_element_direction_desktop=\u00bbdefault\u00bb column_element_spacing=\u00bbdefault\u00bb desktop_text_alignment=\u00bbdefault\u00bb...","og_url":"https:\/\/criv.es\/es\/terapia-ocupacional\/","og_site_name":"Criv","article_modified_time":"2024-08-06T10:34:38+00:00","twitter_card":"summary_large_image","twitter_misc":{"Tiempo de lectura":"3 minutos"},"schema":{"@context":"https:\/\/schema.org","@graph":[{"@type":"WebPage","@id":"https:\/\/criv.es\/es\/terapia-ocupacional\/","url":"https:\/\/criv.es\/es\/terapia-ocupacional\/","name":"Terapia Ocupacional - Criv","isPartOf":{"@id":"https:\/\/criv.es\/#website"},"datePublished":"2024-07-17T09:10:54+00:00","dateModified":"2024-08-06T10:34:38+00:00","breadcrumb":{"@id":"https:\/\/criv.es\/es\/terapia-ocupacional\/#breadcrumb"},"inLanguage":"es","potentialAction":[{"@type":"ReadAction","target":["https:\/\/criv.es\/es\/terapia-ocupacional\/"]}]},{"@type":"BreadcrumbList","@id":"https:\/\/criv.es\/es\/terapia-ocupacional\/#breadcrumb","itemListElement":[{"@type":"ListItem","position":1,"name":"Portada","item":"https:\/\/criv.es\/"},{"@type":"ListItem","position":2,"name":"Terapia Ocupacional"}]},{"@type":"WebSite","@id":"https:\/\/criv.es\/#website","url":"https:\/\/criv.es\/","name":"Criv","description":"","potentialAction":[{"@type":"SearchAction","target":{"@type":"EntryPoint","urlTemplate":"https:\/\/criv.es\/?s={search_term_string}"},"query-input":{"@type":"PropertyValueSpecification","valueRequired":true,"valueName":"search_term_string"}}],"inLanguage":"es"}]}},"_links":{"self":[{"href":"https:\/\/criv.es\/es\/wp-json\/wp\/v2\/pages\/5569","targetHints":{"allow":["GET"]}}],"collection":[{"href":"https:\/\/criv.es\/es\/wp-json\/wp\/v2\/pages"}],"about":[{"href":"https:\/\/criv.es\/es\/wp-json\/wp\/v2\/types\/page"}],"author":[{"embeddable":true,"href":"https:\/\/criv.es\/es\/wp-json\/wp\/v2\/users\/1"}],"replies":[{"embeddable":true,"href":"https:\/\/criv.es\/es\/wp-json\/wp\/v2\/comments?post=5569"}],"version-history":[{"count":3,"href":"https:\/\/criv.es\/es\/wp-json\/wp\/v2\/pages\/5569\/revisions"}],"predecessor-version":[{"id":5586,"href":"https:\/\/criv.es\/es\/wp-json\/wp\/v2\/pages\/5569\/revisions\/5586"}],"wp:attachment":[{"href":"https:\/\/criv.es\/es\/wp-json\/wp\/v2\/media?parent=5569"}],"curies":[{"name":"wp","href":"https:\/\/api.w.org\/{rel}","templated":true}]}}